{"id":11,"date":"2021-03-24T12:14:23","date_gmt":"2021-03-24T15:14:23","guid":{"rendered":"http:\/\/forestmarket.com.br\/index.php\/my-account\/"},"modified":"2022-10-22T13:57:07","modified_gmt":"2022-10-22T16:57:07","slug":"minha-conta","status":"publish","type":"page","link":"https:\/\/comparedecor.com.br\/profissionais-empresas\/minha-conta\/","title":{"rendered":"Minha Conta"},"content":{"rendered":"<div class=\"woocommerce\"><\/div>\n","protected":false},"excerpt":{"rendered":"","protected":false},"author":1,"featured_media":0,"parent":0,"menu_order":0,"comment_status":"closed","ping_status":"closed","template":"","meta":{"footnotes":""},"yoast_head":"<!-- This site is optimized with the Yoast SEO plugin v22.0 - https:\/\/yoast.com\/wordpress\/plugins\/seo\/ -->\n<title>Minha Conta - Compare Decor - O marketplace oficial da decora\u00e7\u00e3o, arquitetura e constru\u00e7\u00e3o civil<\/title>\n<meta name=\"robots\" content=\"index, follow, max-snippet:-1, max-image-preview:large, max-video-preview:-1\" \/>\n<link rel=\"canonical\" href=\"https:\/\/comparedecor.com.br\/profissionais-empresas\/minha-conta\/\" \/>\n<meta property=\"og:locale\" content=\"pt_BR\" \/>\n<meta property=\"og:type\" content=\"article\" \/>\n<meta property=\"og:title\" content=\"Minha Conta - Compare Decor - O marketplace oficial da decora\u00e7\u00e3o, arquitetura e constru\u00e7\u00e3o civil\" \/>\n<meta property=\"og:url\" content=\"https:\/\/comparedecor.com.br\/profissionais-empresas\/minha-conta\/\" \/>\n<meta property=\"og:site_name\" content=\"Compare Decor - O marketplace oficial da decora\u00e7\u00e3o, arquitetura e constru\u00e7\u00e3o civil\" \/>\n<meta property=\"article:modified_time\" content=\"2022-10-22T16:57:07+00:00\" \/>\n<meta name=\"twitter:card\" content=\"summary_large_image\" \/>\n<script type=\"application\/ld+json\" class=\"yoast-schema-graph\">{\"@context\":\"https:\/\/schema.org\",\"@graph\":[{\"@type\":\"WebPage\",\"@id\":\"https:\/\/comparedecor.com.br\/profissionais-empresas\/minha-conta\/\",\"url\":\"https:\/\/comparedecor.com.br\/profissionais-empresas\/minha-conta\/\",\"name\":\"Minha Conta - Compare Decor - O marketplace oficial da decora\u00e7\u00e3o, arquitetura e constru\u00e7\u00e3o civil\",\"isPartOf\":{\"@id\":\"https:\/\/comparedecor.com.br\/profissionais-empresas\/#website\"},\"datePublished\":\"2021-03-24T15:14:23+00:00\",\"dateModified\":\"2022-10-22T16:57:07+00:00\",\"breadcrumb\":{\"@id\":\"https:\/\/comparedecor.com.br\/profissionais-empresas\/minha-conta\/#breadcrumb\"},\"inLanguage\":\"pt-BR\",\"potentialAction\":[{\"@type\":\"ReadAction\",\"target\":[\"https:\/\/comparedecor.com.br\/profissionais-empresas\/minha-conta\/\"]}]},{\"@type\":\"BreadcrumbList\",\"@id\":\"https:\/\/comparedecor.com.br\/profissionais-empresas\/minha-conta\/#breadcrumb\",\"itemListElement\":[{\"@type\":\"ListItem\",\"position\":1,\"name\":\"In\u00edcio\",\"item\":\"https:\/\/comparedecor.com.br\/profissionais-empresas\/\"},{\"@type\":\"ListItem\",\"position\":2,\"name\":\"Minha Conta\"}]},{\"@type\":\"WebSite\",\"@id\":\"https:\/\/comparedecor.com.br\/profissionais-empresas\/#website\",\"url\":\"https:\/\/comparedecor.com.br\/profissionais-empresas\/\",\"name\":\"Compare Decor - O marketplace oficial da decora\u00e7\u00e3o, arquitetura e constru\u00e7\u00e3o civil\",\"description\":\"O maior portal de decora\u00e7\u00e3o com empresas, produtos e servi\u00e7os que voc\u00ea precisa para o seu projeto, casa ou apartamento. Solicite or\u00e7amentos online com diversos prestadores de servi\u00e7os e empresas da constru\u00e7\u00e3o civil, arquitetura e decora\u00e7\u00e3o\",\"potentialAction\":[{\"@type\":\"SearchAction\",\"target\":{\"@type\":\"EntryPoint\",\"urlTemplate\":\"https:\/\/comparedecor.com.br\/profissionais-empresas\/?s={search_term_string}\"},\"query-input\":\"required name=search_term_string\"}],\"inLanguage\":\"pt-BR\"}]}<\/script>\n<!-- \/ Yoast SEO plugin. -->","yoast_head_json":{"title":"Minha Conta - Compare Decor - O marketplace oficial da decora\u00e7\u00e3o, arquitetura e constru\u00e7\u00e3o civil","robots":{"index":"index","follow":"follow","max-snippet":"max-snippet:-1","max-image-preview":"max-image-preview:large","max-video-preview":"max-video-preview:-1"},"canonical":"https:\/\/comparedecor.com.br\/profissionais-empresas\/minha-conta\/","og_locale":"pt_BR","og_type":"article","og_title":"Minha Conta - Compare Decor - O marketplace oficial da decora\u00e7\u00e3o, arquitetura e constru\u00e7\u00e3o civil","og_url":"https:\/\/comparedecor.com.br\/profissionais-empresas\/minha-conta\/","og_site_name":"Compare Decor - O marketplace oficial da decora\u00e7\u00e3o, arquitetura e constru\u00e7\u00e3o civil","article_modified_time":"2022-10-22T16:57:07+00:00","twitter_card":"summary_large_image","schema":{"@context":"https:\/\/schema.org","@graph":[{"@type":"WebPage","@id":"https:\/\/comparedecor.com.br\/profissionais-empresas\/minha-conta\/","url":"https:\/\/comparedecor.com.br\/profissionais-empresas\/minha-conta\/","name":"Minha Conta - Compare Decor - O marketplace oficial da decora\u00e7\u00e3o, arquitetura e constru\u00e7\u00e3o civil","isPartOf":{"@id":"https:\/\/comparedecor.com.br\/profissionais-empresas\/#website"},"datePublished":"2021-03-24T15:14:23+00:00","dateModified":"2022-10-22T16:57:07+00:00","breadcrumb":{"@id":"https:\/\/comparedecor.com.br\/profissionais-empresas\/minha-conta\/#breadcrumb"},"inLanguage":"pt-BR","potentialAction":[{"@type":"ReadAction","target":["https:\/\/comparedecor.com.br\/profissionais-empresas\/minha-conta\/"]}]},{"@type":"BreadcrumbList","@id":"https:\/\/comparedecor.com.br\/profissionais-empresas\/minha-conta\/#breadcrumb","itemListElement":[{"@type":"ListItem","position":1,"name":"In\u00edcio","item":"https:\/\/comparedecor.com.br\/profissionais-empresas\/"},{"@type":"ListItem","position":2,"name":"Minha Conta"}]},{"@type":"WebSite","@id":"https:\/\/comparedecor.com.br\/profissionais-empresas\/#website","url":"https:\/\/comparedecor.com.br\/profissionais-empresas\/","name":"Compare Decor - O marketplace oficial da decora\u00e7\u00e3o, arquitetura e constru\u00e7\u00e3o civil","description":"O maior portal de decora\u00e7\u00e3o com empresas, produtos e servi\u00e7os que voc\u00ea precisa para o seu projeto, casa ou apartamento. Solicite or\u00e7amentos online com diversos prestadores de servi\u00e7os e empresas da constru\u00e7\u00e3o civil, arquitetura e decora\u00e7\u00e3o","potentialAction":[{"@type":"SearchAction","target":{"@type":"EntryPoint","urlTemplate":"https:\/\/comparedecor.com.br\/profissionais-empresas\/?s={search_term_string}"},"query-input":"required name=search_term_string"}],"inLanguage":"pt-BR"}]}},"acf":[],"_links":{"self":[{"href":"https:\/\/comparedecor.com.br\/profissionais-empresas\/wp-json\/wp\/v2\/pages\/11"}],"collection":[{"href":"https:\/\/comparedecor.com.br\/profissionais-empresas\/wp-json\/wp\/v2\/pages"}],"about":[{"href":"https:\/\/comparedecor.com.br\/profissionais-empresas\/wp-json\/wp\/v2\/types\/page"}],"author":[{"embeddable":true,"href":"https:\/\/comparedecor.com.br\/profissionais-empresas\/wp-json\/wp\/v2\/users\/1"}],"replies":[{"embeddable":true,"href":"https:\/\/comparedecor.com.br\/profissionais-empresas\/wp-json\/wp\/v2\/comments?post=11"}],"version-history":[{"count":2,"href":"https:\/\/comparedecor.com.br\/profissionais-empresas\/wp-json\/wp\/v2\/pages\/11\/revisions"}],"predecessor-version":[{"id":567,"href":"https:\/\/comparedecor.com.br\/profissionais-empresas\/wp-json\/wp\/v2\/pages\/11\/revisions\/567"}],"wp:attachment":[{"href":"https:\/\/comparedecor.com.br\/profissionais-empresas\/wp-json\/wp\/v2\/media?parent=11"}],"curies":[{"name":"wp","href":"https:\/\/api.w.org\/{rel}","templated":true}]}}