{"id":2515,"date":"2022-01-20T10:30:06","date_gmt":"2022-01-20T13:30:06","guid":{"rendered":"https:\/\/forestmarket.com.br\/?page_id=2515"},"modified":"2022-11-20T06:54:51","modified_gmt":"2022-11-20T09:54:51","slug":"fale-conosco","status":"publish","type":"page","link":"https:\/\/comparedecor.com.br\/profissionais-empresas\/fale-conosco\/","title":{"rendered":"Fale Conosco"},"content":{"rendered":"\t\t<div data-elementor-type=\"wp-page\" data-elementor-id=\"2515\" class=\"elementor elementor-2515\" data-elementor-post-type=\"page\">\n\t\t\t\t\t\t\t\t\t<section class=\"elementor-section elementor-top-section elementor-element elementor-element-a12c1c8 elementor-section-boxed elementor-section-height-default elementor-section-height-default\" data-id=\"a12c1c8\" data-element_type=\"section\" data-settings=\"{&quot;background_background&quot;:&quot;classic&quot;}\">\n\t\t\t\t\t\t\t<div class=\"elementor-background-overlay\"><\/div>\n\t\t\t\t\t\t\t<div class=\"elementor-container elementor-column-gap-default\">\n\t\t\t\t\t<div class=\"elementor-column elementor-col-50 elementor-top-column elementor-element elementor-element-8f27edd\" data-id=\"8f27edd\" data-element_type=\"column\">\n\t\t\t<div class=\"elementor-widget-wrap elementor-element-populated\">\n\t\t\t\t\t\t\t\t<div class=\"elementor-element elementor-element-a8fc90f elementor-widget elementor-widget-heading\" data-id=\"a8fc90f\" data-element_type=\"widget\" data-widget_type=\"heading.default\">\n\t\t\t\t<div class=\"elementor-widget-container\">\n\t\t\t<h2 class=\"elementor-heading-title elementor-size-default\">Precisando de uma ajudinha? Ent\u00e3o, fale com a gente!<\/h2>\t\t<\/div>\n\t\t\t\t<\/div>\n\t\t\t\t<div class=\"elementor-element elementor-element-1305e09 elementor-widget elementor-widget-heading\" data-id=\"1305e09\" data-element_type=\"widget\" data-widget_type=\"heading.default\">\n\t\t\t\t<div class=\"elementor-widget-container\">\n\t\t\t<h2 class=\"elementor-heading-title elementor-size-default\">Temos como objetivo te ajudar na realiza\u00e7\u00e3o do seu projeto ou decora\u00e7\u00e3o de sua casa.<\/h2>\t\t<\/div>\n\t\t\t\t<\/div>\n\t\t\t\t<div class=\"elementor-element elementor-element-e9ba6b3 elementor-icon-list--layout-traditional elementor-list-item-link-full_width elementor-widget elementor-widget-icon-list\" data-id=\"e9ba6b3\" data-element_type=\"widget\" data-widget_type=\"icon-list.default\">\n\t\t\t\t<div class=\"elementor-widget-container\">\n\t\t\t\t\t<ul class=\"elementor-icon-list-items\">\n\t\t\t\t\t\t\t<li class=\"elementor-icon-list-item\">\n\t\t\t\t\t\t\t\t\t\t\t<span class=\"elementor-icon-list-icon\">\n\t\t\t\t\t\t\t<i aria-hidden=\"true\" class=\"far fa-envelope-open\"><\/i>\t\t\t\t\t\t<\/span>\n\t\t\t\t\t\t\t\t\t\t<span class=\"elementor-icon-list-text\">contato@comparedecor.com.br<\/span>\n\t\t\t\t\t\t\t\t\t<\/li>\n\t\t\t\t\t\t<\/ul>\n\t\t\t\t<\/div>\n\t\t\t\t<\/div>\n\t\t\t\t\t<\/div>\n\t\t<\/div>\n\t\t\t\t<div class=\"elementor-column elementor-col-50 elementor-top-column elementor-element elementor-element-a22fdb8\" data-id=\"a22fdb8\" data-element_type=\"column\">\n\t\t\t<div class=\"elementor-widget-wrap\">\n\t\t\t\t\t\t\t\t\t<\/div>\n\t\t<\/div>\n\t\t\t\t\t\t\t<\/div>\n\t\t<\/section>\n\t\t\t\t<section class=\"elementor-section elementor-top-section elementor-element elementor-element-e4bc948 elementor-section-boxed elementor-section-height-default elementor-section-height-default\" data-id=\"e4bc948\" data-element_type=\"section\">\n\t\t\t\t\t\t<div class=\"elementor-container elementor-column-gap-default\">\n\t\t\t\t\t<div class=\"elementor-column elementor-col-100 elementor-top-column elementor-element elementor-element-4da23df\" data-id=\"4da23df\" data-element_type=\"column\">\n\t\t\t<div class=\"elementor-widget-wrap\">\n\t\t\t\t\t\t\t\t\t<\/div>\n\t\t<\/div>\n\t\t\t\t\t\t\t<\/div>\n\t\t<\/section>\n\t\t\t\t\t\t\t<\/div>\n\t\t","protected":false},"excerpt":{"rendered":"<p>Precisando de uma ajudinha? Ent\u00e3o, fale com a gente! Temos como objetivo te ajudar na realiza\u00e7\u00e3o do seu projeto ou decora\u00e7\u00e3o de sua casa. contato@comparedecor.com.br<\/p>\n","protected":false},"author":1,"featured_media":0,"parent":0,"menu_order":0,"comment_status":"closed","ping_status":"closed","template":"","meta":{"footnotes":""},"yoast_head":"<!-- This site is optimized with the Yoast SEO plugin v22.0 - https:\/\/yoast.com\/wordpress\/plugins\/seo\/ -->\n<title>Fale Conosco - Compare Decor - O marketplace oficial da decora\u00e7\u00e3o, arquitetura e constru\u00e7\u00e3o civil<\/title>\n<meta name=\"robots\" content=\"index, follow, max-snippet:-1, max-image-preview:large, max-video-preview:-1\" \/>\n<link rel=\"canonical\" href=\"https:\/\/comparedecor.com.br\/profissionais-empresas\/fale-conosco\/\" \/>\n<meta property=\"og:locale\" content=\"pt_BR\" \/>\n<meta property=\"og:type\" content=\"article\" \/>\n<meta property=\"og:title\" content=\"Fale Conosco - Compare Decor - O marketplace oficial da decora\u00e7\u00e3o, arquitetura e constru\u00e7\u00e3o civil\" \/>\n<meta property=\"og:description\" content=\"Precisando de uma ajudinha? Ent\u00e3o, fale com a gente! Temos como objetivo te ajudar na realiza\u00e7\u00e3o do seu projeto ou decora\u00e7\u00e3o de sua casa. contato@comparedecor.com.br\" \/>\n<meta property=\"og:url\" content=\"https:\/\/comparedecor.com.br\/profissionais-empresas\/fale-conosco\/\" \/>\n<meta property=\"og:site_name\" content=\"Compare Decor - O marketplace oficial da decora\u00e7\u00e3o, arquitetura e constru\u00e7\u00e3o civil\" \/>\n<meta property=\"article:modified_time\" content=\"2022-11-20T09:54:51+00:00\" \/>\n<meta name=\"twitter:card\" content=\"summary_large_image\" \/>\n<meta name=\"twitter:label1\" content=\"Est. tempo de leitura\" \/>\n\t<meta name=\"twitter:data1\" content=\"1 minuto\" \/>\n<script type=\"application\/ld+json\" class=\"yoast-schema-graph\">{\"@context\":\"https:\/\/schema.org\",\"@graph\":[{\"@type\":\"WebPage\",\"@id\":\"https:\/\/comparedecor.com.br\/profissionais-empresas\/fale-conosco\/\",\"url\":\"https:\/\/comparedecor.com.br\/profissionais-empresas\/fale-conosco\/\",\"name\":\"Fale Conosco - Compare Decor - O marketplace oficial da decora\u00e7\u00e3o, arquitetura e constru\u00e7\u00e3o civil\",\"isPartOf\":{\"@id\":\"https:\/\/comparedecor.com.br\/profissionais-empresas\/#website\"},\"datePublished\":\"2022-01-20T13:30:06+00:00\",\"dateModified\":\"2022-11-20T09:54:51+00:00\",\"breadcrumb\":{\"@id\":\"https:\/\/comparedecor.com.br\/profissionais-empresas\/fale-conosco\/#breadcrumb\"},\"inLanguage\":\"pt-BR\",\"potentialAction\":[{\"@type\":\"ReadAction\",\"target\":[\"https:\/\/comparedecor.com.br\/profissionais-empresas\/fale-conosco\/\"]}]},{\"@type\":\"BreadcrumbList\",\"@id\":\"https:\/\/comparedecor.com.br\/profissionais-empresas\/fale-conosco\/#breadcrumb\",\"itemListElement\":[{\"@type\":\"ListItem\",\"position\":1,\"name\":\"In\u00edcio\",\"item\":\"https:\/\/comparedecor.com.br\/profissionais-empresas\/\"},{\"@type\":\"ListItem\",\"position\":2,\"name\":\"Fale Conosco\"}]},{\"@type\":\"WebSite\",\"@id\":\"https:\/\/comparedecor.com.br\/profissionais-empresas\/#website\",\"url\":\"https:\/\/comparedecor.com.br\/profissionais-empresas\/\",\"name\":\"Compare Decor - O marketplace oficial da decora\u00e7\u00e3o, arquitetura e constru\u00e7\u00e3o civil\",\"description\":\"O maior portal de decora\u00e7\u00e3o com empresas, produtos e servi\u00e7os que voc\u00ea precisa para o seu projeto, casa ou apartamento. Solicite or\u00e7amentos online com diversos prestadores de servi\u00e7os e empresas da constru\u00e7\u00e3o civil, arquitetura e decora\u00e7\u00e3o\",\"potentialAction\":[{\"@type\":\"SearchAction\",\"target\":{\"@type\":\"EntryPoint\",\"urlTemplate\":\"https:\/\/comparedecor.com.br\/profissionais-empresas\/?s={search_term_string}\"},\"query-input\":\"required name=search_term_string\"}],\"inLanguage\":\"pt-BR\"}]}<\/script>\n<!-- \/ Yoast SEO plugin. -->","yoast_head_json":{"title":"Fale Conosco - Compare Decor - O marketplace oficial da decora\u00e7\u00e3o, arquitetura e constru\u00e7\u00e3o civil","robots":{"index":"index","follow":"follow","max-snippet":"max-snippet:-1","max-image-preview":"max-image-preview:large","max-video-preview":"max-video-preview:-1"},"canonical":"https:\/\/comparedecor.com.br\/profissionais-empresas\/fale-conosco\/","og_locale":"pt_BR","og_type":"article","og_title":"Fale Conosco - Compare Decor - O marketplace oficial da decora\u00e7\u00e3o, arquitetura e constru\u00e7\u00e3o civil","og_description":"Precisando de uma ajudinha? Ent\u00e3o, fale com a gente! Temos como objetivo te ajudar na realiza\u00e7\u00e3o do seu projeto ou decora\u00e7\u00e3o de sua casa. contato@comparedecor.com.br","og_url":"https:\/\/comparedecor.com.br\/profissionais-empresas\/fale-conosco\/","og_site_name":"Compare Decor - O marketplace oficial da decora\u00e7\u00e3o, arquitetura e constru\u00e7\u00e3o civil","article_modified_time":"2022-11-20T09:54:51+00:00","twitter_card":"summary_large_image","twitter_misc":{"Est. tempo de leitura":"1 minuto"},"schema":{"@context":"https:\/\/schema.org","@graph":[{"@type":"WebPage","@id":"https:\/\/comparedecor.com.br\/profissionais-empresas\/fale-conosco\/","url":"https:\/\/comparedecor.com.br\/profissionais-empresas\/fale-conosco\/","name":"Fale Conosco - Compare Decor - O marketplace oficial da decora\u00e7\u00e3o, arquitetura e constru\u00e7\u00e3o civil","isPartOf":{"@id":"https:\/\/comparedecor.com.br\/profissionais-empresas\/#website"},"datePublished":"2022-01-20T13:30:06+00:00","dateModified":"2022-11-20T09:54:51+00:00","breadcrumb":{"@id":"https:\/\/comparedecor.com.br\/profissionais-empresas\/fale-conosco\/#breadcrumb"},"inLanguage":"pt-BR","potentialAction":[{"@type":"ReadAction","target":["https:\/\/comparedecor.com.br\/profissionais-empresas\/fale-conosco\/"]}]},{"@type":"BreadcrumbList","@id":"https:\/\/comparedecor.com.br\/profissionais-empresas\/fale-conosco\/#breadcrumb","itemListElement":[{"@type":"ListItem","position":1,"name":"In\u00edcio","item":"https:\/\/comparedecor.com.br\/profissionais-empresas\/"},{"@type":"ListItem","position":2,"name":"Fale Conosco"}]},{"@type":"WebSite","@id":"https:\/\/comparedecor.com.br\/profissionais-empresas\/#website","url":"https:\/\/comparedecor.com.br\/profissionais-empresas\/","name":"Compare Decor - O marketplace oficial da decora\u00e7\u00e3o, arquitetura e constru\u00e7\u00e3o civil","description":"O maior portal de decora\u00e7\u00e3o com empresas, produtos e servi\u00e7os que voc\u00ea precisa para o seu projeto, casa ou apartamento. Solicite or\u00e7amentos online com diversos prestadores de servi\u00e7os e empresas da constru\u00e7\u00e3o civil, arquitetura e decora\u00e7\u00e3o","potentialAction":[{"@type":"SearchAction","target":{"@type":"EntryPoint","urlTemplate":"https:\/\/comparedecor.com.br\/profissionais-empresas\/?s={search_term_string}"},"query-input":"required name=search_term_string"}],"inLanguage":"pt-BR"}]}},"acf":[],"_links":{"self":[{"href":"https:\/\/comparedecor.com.br\/profissionais-empresas\/wp-json\/wp\/v2\/pages\/2515"}],"collection":[{"href":"https:\/\/comparedecor.com.br\/profissionais-empresas\/wp-json\/wp\/v2\/pages"}],"about":[{"href":"https:\/\/comparedecor.com.br\/profissionais-empresas\/wp-json\/wp\/v2\/types\/page"}],"author":[{"embeddable":true,"href":"https:\/\/comparedecor.com.br\/profissionais-empresas\/wp-json\/wp\/v2\/users\/1"}],"replies":[{"embeddable":true,"href":"https:\/\/comparedecor.com.br\/profissionais-empresas\/wp-json\/wp\/v2\/comments?post=2515"}],"version-history":[{"count":7,"href":"https:\/\/comparedecor.com.br\/profissionais-empresas\/wp-json\/wp\/v2\/pages\/2515\/revisions"}],"predecessor-version":[{"id":4631,"href":"https:\/\/comparedecor.com.br\/profissionais-empresas\/wp-json\/wp\/v2\/pages\/2515\/revisions\/4631"}],"wp:attachment":[{"href":"https:\/\/comparedecor.com.br\/profissionais-empresas\/wp-json\/wp\/v2\/media?parent=2515"}],"curies":[{"name":"wp","href":"https:\/\/api.w.org\/{rel}","templated":true}]}}