{"id":5409,"date":"2022-11-30T11:43:40","date_gmt":"2022-11-30T14:43:40","guid":{"rendered":"https:\/\/comparedecor.com.br\/password-reset\/"},"modified":"2022-11-30T11:43:40","modified_gmt":"2022-11-30T14:43:40","slug":"password-reset","status":"publish","type":"page","link":"https:\/\/comparedecor.com.br\/profissionais-empresas\/password-reset\/","title":{"rendered":"Password Reset"},"content":{"rendered":"\n<div class=\"wpum-template wpum-form wpum-password-recovery-form\">\n\n\t\n\t<p>\n\t\tLost your password? Please enter your username or email address. You will receive a link to create a new password via email.\t<\/p>\n\n\t<form action=\"\/profissionais-empresas\/wp-json\/wp\/v2\/pages\/5409\" method=\"post\" id=\"wpum-submit-password-recovery-form\" enctype=\"multipart\/form-data\">\n\n\t\t\t\t\t<fieldset class=\"fieldset-username_email\">\n\n\t\t\t\t\n\t\t\t\t\t<label for=\"username_email\">\n\t\t\t\t\t\tNome de usu\u00e1rio ou endere\u00e7o de e-mail\t\t\t\t\t\t\t\t\t\t\t\t\t<span class=\"wpum-required\">*<\/span>\n\t\t\t\t\t\t\t\t\t\t\t<\/label>\n\t\t\t\t\t<div class=\"field required-field\">\n\t\t\t\t\t\t\n<input\n\ttype=\"text\"\n\tclass=\"input-text\"\n\tname=\"username_email\"\n\t\tid=\"username_email\"\n\tplaceholder=\"\"\n\tvalue=\"\"\n\tmaxlength=\"\"\n\trequired\t\t\/>\n\t\t\t\t\t<\/div>\n\n\t\t\t\t\n\t\t\t<\/fieldset>\n\t\t\n\t\t<input type=\"hidden\" name=\"wpum_form\" value=\"password-recovery\" \/>\n\t\t<input type=\"hidden\" name=\"step\" value=\"0\" \/>\n\t\t<input type=\"hidden\" id=\"password_recovery_nonce\" name=\"password_recovery_nonce\" value=\"318d37a8dc\" \/><input type=\"hidden\" name=\"_wp_http_referer\" value=\"\/profissionais-empresas\/wp-json\/wp\/v2\/pages\/5409\" \/>\n\t\t\n\t\t<input type=\"submit\" name=\"submit_password_recovery\" class=\"button\" value=\"Reset password\" \/>\n\n\t<\/form>\n\n<\/div>\n\n<ul class=\"wpum-action-links\">\n\t\t<li>\n\t\tAlready have an account? <a href=\"https:\/\/comparedecor.com.br\/profissionais-empresas\/log-in\/\">Sign In &raquo;<\/a>\t<\/li>\n\t\t\t<li>\n\t\tDon't have an account? <a href=\"https:\/\/comparedecor.com.br\/profissionais-empresas\/register\/\">Signup Now &raquo;<\/a>\t<\/li>\n\t\t<\/ul>\n\n","protected":false},"excerpt":{"rendered":"","protected":false},"author":1,"featured_media":0,"parent":0,"menu_order":0,"comment_status":"closed","ping_status":"closed","template":"","meta":{"footnotes":""},"yoast_head":"<!-- This site is optimized with the Yoast SEO plugin v22.0 - https:\/\/yoast.com\/wordpress\/plugins\/seo\/ -->\n<title>Password Reset - Compare Decor - O marketplace oficial da decora\u00e7\u00e3o, arquitetura e constru\u00e7\u00e3o civil<\/title>\n<meta name=\"robots\" content=\"index, follow, max-snippet:-1, max-image-preview:large, max-video-preview:-1\" \/>\n<link rel=\"canonical\" href=\"https:\/\/comparedecor.com.br\/profissionais-empresas\/password-reset\/\" \/>\n<meta property=\"og:locale\" content=\"pt_BR\" \/>\n<meta property=\"og:type\" content=\"article\" \/>\n<meta property=\"og:title\" content=\"Password Reset - Compare Decor - O marketplace oficial da decora\u00e7\u00e3o, arquitetura e constru\u00e7\u00e3o civil\" \/>\n<meta property=\"og:url\" content=\"https:\/\/comparedecor.com.br\/profissionais-empresas\/password-reset\/\" \/>\n<meta property=\"og:site_name\" content=\"Compare Decor - O marketplace oficial da decora\u00e7\u00e3o, arquitetura e constru\u00e7\u00e3o civil\" \/>\n<meta name=\"twitter:card\" content=\"summary_large_image\" \/>\n<script type=\"application\/ld+json\" class=\"yoast-schema-graph\">{\"@context\":\"https:\/\/schema.org\",\"@graph\":[{\"@type\":\"WebPage\",\"@id\":\"https:\/\/comparedecor.com.br\/profissionais-empresas\/password-reset\/\",\"url\":\"https:\/\/comparedecor.com.br\/profissionais-empresas\/password-reset\/\",\"name\":\"Password Reset - Compare Decor - O marketplace oficial da decora\u00e7\u00e3o, arquitetura e constru\u00e7\u00e3o civil\",\"isPartOf\":{\"@id\":\"https:\/\/comparedecor.com.br\/profissionais-empresas\/#website\"},\"datePublished\":\"2022-11-30T14:43:40+00:00\",\"dateModified\":\"2022-11-30T14:43:40+00:00\",\"breadcrumb\":{\"@id\":\"https:\/\/comparedecor.com.br\/profissionais-empresas\/password-reset\/#breadcrumb\"},\"inLanguage\":\"pt-BR\",\"potentialAction\":[{\"@type\":\"ReadAction\",\"target\":[\"https:\/\/comparedecor.com.br\/profissionais-empresas\/password-reset\/\"]}]},{\"@type\":\"BreadcrumbList\",\"@id\":\"https:\/\/comparedecor.com.br\/profissionais-empresas\/password-reset\/#breadcrumb\",\"itemListElement\":[{\"@type\":\"ListItem\",\"position\":1,\"name\":\"In\u00edcio\",\"item\":\"https:\/\/comparedecor.com.br\/profissionais-empresas\/\"},{\"@type\":\"ListItem\",\"position\":2,\"name\":\"Password Reset\"}]},{\"@type\":\"WebSite\",\"@id\":\"https:\/\/comparedecor.com.br\/profissionais-empresas\/#website\",\"url\":\"https:\/\/comparedecor.com.br\/profissionais-empresas\/\",\"name\":\"Compare Decor - O marketplace oficial da decora\u00e7\u00e3o, arquitetura e constru\u00e7\u00e3o civil\",\"description\":\"O maior portal de decora\u00e7\u00e3o com empresas, produtos e servi\u00e7os que voc\u00ea precisa para o seu projeto, casa ou apartamento. Solicite or\u00e7amentos online com diversos prestadores de servi\u00e7os e empresas da constru\u00e7\u00e3o civil, arquitetura e decora\u00e7\u00e3o\",\"potentialAction\":[{\"@type\":\"SearchAction\",\"target\":{\"@type\":\"EntryPoint\",\"urlTemplate\":\"https:\/\/comparedecor.com.br\/profissionais-empresas\/?s={search_term_string}\"},\"query-input\":\"required name=search_term_string\"}],\"inLanguage\":\"pt-BR\"}]}<\/script>\n<!-- \/ Yoast SEO plugin. -->","yoast_head_json":{"title":"Password Reset - Compare Decor - O marketplace oficial da decora\u00e7\u00e3o, arquitetura e constru\u00e7\u00e3o civil","robots":{"index":"index","follow":"follow","max-snippet":"max-snippet:-1","max-image-preview":"max-image-preview:large","max-video-preview":"max-video-preview:-1"},"canonical":"https:\/\/comparedecor.com.br\/profissionais-empresas\/password-reset\/","og_locale":"pt_BR","og_type":"article","og_title":"Password Reset - Compare Decor - O marketplace oficial da decora\u00e7\u00e3o, arquitetura e constru\u00e7\u00e3o civil","og_url":"https:\/\/comparedecor.com.br\/profissionais-empresas\/password-reset\/","og_site_name":"Compare Decor - O marketplace oficial da decora\u00e7\u00e3o, arquitetura e constru\u00e7\u00e3o civil","twitter_card":"summary_large_image","schema":{"@context":"https:\/\/schema.org","@graph":[{"@type":"WebPage","@id":"https:\/\/comparedecor.com.br\/profissionais-empresas\/password-reset\/","url":"https:\/\/comparedecor.com.br\/profissionais-empresas\/password-reset\/","name":"Password Reset - Compare Decor - O marketplace oficial da decora\u00e7\u00e3o, arquitetura e constru\u00e7\u00e3o civil","isPartOf":{"@id":"https:\/\/comparedecor.com.br\/profissionais-empresas\/#website"},"datePublished":"2022-11-30T14:43:40+00:00","dateModified":"2022-11-30T14:43:40+00:00","breadcrumb":{"@id":"https:\/\/comparedecor.com.br\/profissionais-empresas\/password-reset\/#breadcrumb"},"inLanguage":"pt-BR","potentialAction":[{"@type":"ReadAction","target":["https:\/\/comparedecor.com.br\/profissionais-empresas\/password-reset\/"]}]},{"@type":"BreadcrumbList","@id":"https:\/\/comparedecor.com.br\/profissionais-empresas\/password-reset\/#breadcrumb","itemListElement":[{"@type":"ListItem","position":1,"name":"In\u00edcio","item":"https:\/\/comparedecor.com.br\/profissionais-empresas\/"},{"@type":"ListItem","position":2,"name":"Password Reset"}]},{"@type":"WebSite","@id":"https:\/\/comparedecor.com.br\/profissionais-empresas\/#website","url":"https:\/\/comparedecor.com.br\/profissionais-empresas\/","name":"Compare Decor - O marketplace oficial da decora\u00e7\u00e3o, arquitetura e constru\u00e7\u00e3o civil","description":"O maior portal de decora\u00e7\u00e3o com empresas, produtos e servi\u00e7os que voc\u00ea precisa para o seu projeto, casa ou apartamento. Solicite or\u00e7amentos online com diversos prestadores de servi\u00e7os e empresas da constru\u00e7\u00e3o civil, arquitetura e decora\u00e7\u00e3o","potentialAction":[{"@type":"SearchAction","target":{"@type":"EntryPoint","urlTemplate":"https:\/\/comparedecor.com.br\/profissionais-empresas\/?s={search_term_string}"},"query-input":"required name=search_term_string"}],"inLanguage":"pt-BR"}]}},"acf":[],"_links":{"self":[{"href":"https:\/\/comparedecor.com.br\/profissionais-empresas\/wp-json\/wp\/v2\/pages\/5409"}],"collection":[{"href":"https:\/\/comparedecor.com.br\/profissionais-empresas\/wp-json\/wp\/v2\/pages"}],"about":[{"href":"https:\/\/comparedecor.com.br\/profissionais-empresas\/wp-json\/wp\/v2\/types\/page"}],"author":[{"embeddable":true,"href":"https:\/\/comparedecor.com.br\/profissionais-empresas\/wp-json\/wp\/v2\/users\/1"}],"replies":[{"embeddable":true,"href":"https:\/\/comparedecor.com.br\/profissionais-empresas\/wp-json\/wp\/v2\/comments?post=5409"}],"version-history":[{"count":0,"href":"https:\/\/comparedecor.com.br\/profissionais-empresas\/wp-json\/wp\/v2\/pages\/5409\/revisions"}],"wp:attachment":[{"href":"https:\/\/comparedecor.com.br\/profissionais-empresas\/wp-json\/wp\/v2\/media?parent=5409"}],"curies":[{"name":"wp","href":"https:\/\/api.w.org\/{rel}","templated":true}]}}