{"id":5410,"date":"2022-11-30T11:43:40","date_gmt":"2022-11-30T14:43:40","guid":{"rendered":"https:\/\/comparedecor.com.br\/register\/"},"modified":"2022-11-30T11:43:40","modified_gmt":"2022-11-30T14:43:40","slug":"register","status":"publish","type":"page","link":"https:\/\/comparedecor.com.br\/profissionais-empresas\/register\/","title":{"rendered":"Register"},"content":{"rendered":"\n<div class=\"wpum-template wpum-form wpum-registration-form\">\n\n\t\n\t<form action=\"\/profissionais-empresas\/wp-json\/wp\/v2\/pages\/5410\" method=\"post\" id=\"wpum-submit-registration-form\" enctype=\"multipart\/form-data\">\n\n\t\t\n\t\t\t\n<fieldset  class=\"fieldset-user_email \"  >\n\n\t\n\t\t\t\t\t<label for=\"user_email\">\n\t\t\t\tEmail\t\t\t\t\t\t\t\t\t<span class=\"wpum-required\">*<\/span>\n\t\t\t\t\t\t\t<\/label>\n\t\t\t\t<div class=\"field required-field\">\n\t\t\t\n<input\n\ttype=\"email\"\n\tclass=\"input-email\"\n\tname=\"user_email\"\n\t\tid=\"user_email\"\n\tplaceholder=\"\"\n\tvalue=\"\"\n\tmaxlength=\"\"\n\trequired\t\/>\n\t\t<\/div>\n\n\t\n<\/fieldset>\n\n\t\t\n\t\t\t\n<fieldset  class=\"fieldset-robo \"  >\n\n\t\n\t\t\t\t\t<label for=\"robo\">\n\t\t\t\tIf you&#039;re human leave this blank:\t\t\t\t\t\t\t<\/label>\n\t\t\t\t<div class=\"field \">\n\t\t\t\n<input\n\ttype=\"text\"\n\tclass=\"input-text\"\n\tname=\"robo\"\n\t\tid=\"robo\"\n\tplaceholder=\"\"\n\tvalue=\"\"\n\tmaxlength=\"\"\n\t\t\t\/>\n\t\t<\/div>\n\n\t\n<\/fieldset>\n\n\t\t\n\t\t\t\n<fieldset  class=\"fieldset-user_password \"  >\n\n\t\n\t\t\t\t\t<label for=\"user_password\">\n\t\t\t\tPassword\t\t\t\t\t\t\t\t\t<span class=\"wpum-required\">*<\/span>\n\t\t\t\t\t\t\t<\/label>\n\t\t\t\t<div class=\"field required-field\">\n\t\t\t\n<input type=\"password\" class=\"input-text\"\n name=\"user_password\" id=\"user_password\" placeholder=\"\" value=\"\" maxlength=\"\"\n\t\t\t\t  required\t \/>\n\t\t<\/div>\n\n\t\n<\/fieldset>\n\n\t\t\n\t\t\t\n<fieldset  class=\"fieldset-privacy \"  >\n\n\t\n\t\t<label for=\"privacy\">\n\t\t\t<span class=\"field required-field\">\n\t\t\t\t\n<input type=\"checkbox\" class=\"input-checkbox\" name=\"privacy\" id=\"privacy\"  value=\"1\"\n\t\t\t\t\t\t\t\t\t\t\t\t\t\t\t   required \/>\n\t<small class=\"description\">I have read and accept the <a href=\"https:\/\/comparedecor.com.br\/profissionais-empresas\/politica-de-privacidade\/\" target=\"_blank\">privacy policy<\/a> and allow \"Compare Decor - O marketplace oficial da decora\u00e7\u00e3o, arquitetura e constru\u00e7\u00e3o civil\" to collect and store the data I submit through this form.<\/small>\t\t\t<\/span>\n\t\t\t\t\t\t\t\t\t\t<span class=\"wpum-required\">*<\/span>\n\t\t\t\t\t<\/label>\n\n\t\n<\/fieldset>\n\n\t\t\n\t\t<input type=\"hidden\" name=\"wpum_form\" value=\"registration\" \/>\n\t\t<input type=\"hidden\" name=\"step\" value=\"0\" \/>\n\t\t<input type=\"hidden\" id=\"registration_nonce\" name=\"registration_nonce\" value=\"f23d5100b3\" \/><input type=\"hidden\" name=\"_wp_http_referer\" value=\"\/profissionais-empresas\/wp-json\/wp\/v2\/pages\/5410\" \/>\n\t\t\n\t\t\t\t<input type=\"submit\" name=\"submit_registration\" class=\"button\"\n\t\t\t   value=\"Register\"\/>\n\n\t<\/form>\n\n\t\n<\/div>\n\n<ul class=\"wpum-action-links\">\n\t\t<li>\n\t\tAlready have an account? <a href=\"https:\/\/comparedecor.com.br\/profissionais-empresas\/log-in\/\">Sign In &raquo;<\/a>\t<\/li>\n\t\t\t\t<li>\n\t\t<a href=\"https:\/\/comparedecor.com.br\/profissionais-empresas\/password-reset\/\">\n\t\t\tLost your password?\t\t<\/a>\n\t<\/li>\n\t<\/ul>\n\n","protected":false},"excerpt":{"rendered":"","protected":false},"author":1,"featured_media":0,"parent":0,"menu_order":0,"comment_status":"closed","ping_status":"closed","template":"","meta":{"footnotes":""},"yoast_head":"<!-- This site is optimized with the Yoast SEO plugin v22.0 - https:\/\/yoast.com\/wordpress\/plugins\/seo\/ -->\n<title>Register - Compare Decor - O marketplace oficial da decora\u00e7\u00e3o, arquitetura e constru\u00e7\u00e3o civil<\/title>\n<meta name=\"robots\" content=\"index, follow, max-snippet:-1, max-image-preview:large, max-video-preview:-1\" \/>\n<link rel=\"canonical\" href=\"https:\/\/comparedecor.com.br\/profissionais-empresas\/register\/\" \/>\n<meta property=\"og:locale\" content=\"pt_BR\" \/>\n<meta property=\"og:type\" content=\"article\" \/>\n<meta property=\"og:title\" content=\"Register - Compare Decor - O marketplace oficial da decora\u00e7\u00e3o, arquitetura e constru\u00e7\u00e3o civil\" \/>\n<meta property=\"og:url\" content=\"https:\/\/comparedecor.com.br\/profissionais-empresas\/register\/\" \/>\n<meta property=\"og:site_name\" content=\"Compare Decor - O marketplace oficial da decora\u00e7\u00e3o, arquitetura e constru\u00e7\u00e3o civil\" \/>\n<meta name=\"twitter:card\" content=\"summary_large_image\" \/>\n<script type=\"application\/ld+json\" class=\"yoast-schema-graph\">{\"@context\":\"https:\/\/schema.org\",\"@graph\":[{\"@type\":\"WebPage\",\"@id\":\"https:\/\/comparedecor.com.br\/profissionais-empresas\/register\/\",\"url\":\"https:\/\/comparedecor.com.br\/profissionais-empresas\/register\/\",\"name\":\"Register - Compare Decor - O marketplace oficial da decora\u00e7\u00e3o, arquitetura e constru\u00e7\u00e3o civil\",\"isPartOf\":{\"@id\":\"https:\/\/comparedecor.com.br\/profissionais-empresas\/#website\"},\"datePublished\":\"2022-11-30T14:43:40+00:00\",\"dateModified\":\"2022-11-30T14:43:40+00:00\",\"breadcrumb\":{\"@id\":\"https:\/\/comparedecor.com.br\/profissionais-empresas\/register\/#breadcrumb\"},\"inLanguage\":\"pt-BR\",\"potentialAction\":[{\"@type\":\"ReadAction\",\"target\":[\"https:\/\/comparedecor.com.br\/profissionais-empresas\/register\/\"]}]},{\"@type\":\"BreadcrumbList\",\"@id\":\"https:\/\/comparedecor.com.br\/profissionais-empresas\/register\/#breadcrumb\",\"itemListElement\":[{\"@type\":\"ListItem\",\"position\":1,\"name\":\"In\u00edcio\",\"item\":\"https:\/\/comparedecor.com.br\/profissionais-empresas\/\"},{\"@type\":\"ListItem\",\"position\":2,\"name\":\"Register\"}]},{\"@type\":\"WebSite\",\"@id\":\"https:\/\/comparedecor.com.br\/profissionais-empresas\/#website\",\"url\":\"https:\/\/comparedecor.com.br\/profissionais-empresas\/\",\"name\":\"Compare Decor - O marketplace oficial da decora\u00e7\u00e3o, arquitetura e constru\u00e7\u00e3o civil\",\"description\":\"O maior portal de decora\u00e7\u00e3o com empresas, produtos e servi\u00e7os que voc\u00ea precisa para o seu projeto, casa ou apartamento. Solicite or\u00e7amentos online com diversos prestadores de servi\u00e7os e empresas da constru\u00e7\u00e3o civil, arquitetura e decora\u00e7\u00e3o\",\"potentialAction\":[{\"@type\":\"SearchAction\",\"target\":{\"@type\":\"EntryPoint\",\"urlTemplate\":\"https:\/\/comparedecor.com.br\/profissionais-empresas\/?s={search_term_string}\"},\"query-input\":\"required name=search_term_string\"}],\"inLanguage\":\"pt-BR\"}]}<\/script>\n<!-- \/ Yoast SEO plugin. -->","yoast_head_json":{"title":"Register - Compare Decor - O marketplace oficial da decora\u00e7\u00e3o, arquitetura e constru\u00e7\u00e3o civil","robots":{"index":"index","follow":"follow","max-snippet":"max-snippet:-1","max-image-preview":"max-image-preview:large","max-video-preview":"max-video-preview:-1"},"canonical":"https:\/\/comparedecor.com.br\/profissionais-empresas\/register\/","og_locale":"pt_BR","og_type":"article","og_title":"Register - Compare Decor - O marketplace oficial da decora\u00e7\u00e3o, arquitetura e constru\u00e7\u00e3o civil","og_url":"https:\/\/comparedecor.com.br\/profissionais-empresas\/register\/","og_site_name":"Compare Decor - O marketplace oficial da decora\u00e7\u00e3o, arquitetura e constru\u00e7\u00e3o civil","twitter_card":"summary_large_image","schema":{"@context":"https:\/\/schema.org","@graph":[{"@type":"WebPage","@id":"https:\/\/comparedecor.com.br\/profissionais-empresas\/register\/","url":"https:\/\/comparedecor.com.br\/profissionais-empresas\/register\/","name":"Register - Compare Decor - O marketplace oficial da decora\u00e7\u00e3o, arquitetura e constru\u00e7\u00e3o civil","isPartOf":{"@id":"https:\/\/comparedecor.com.br\/profissionais-empresas\/#website"},"datePublished":"2022-11-30T14:43:40+00:00","dateModified":"2022-11-30T14:43:40+00:00","breadcrumb":{"@id":"https:\/\/comparedecor.com.br\/profissionais-empresas\/register\/#breadcrumb"},"inLanguage":"pt-BR","potentialAction":[{"@type":"ReadAction","target":["https:\/\/comparedecor.com.br\/profissionais-empresas\/register\/"]}]},{"@type":"BreadcrumbList","@id":"https:\/\/comparedecor.com.br\/profissionais-empresas\/register\/#breadcrumb","itemListElement":[{"@type":"ListItem","position":1,"name":"In\u00edcio","item":"https:\/\/comparedecor.com.br\/profissionais-empresas\/"},{"@type":"ListItem","position":2,"name":"Register"}]},{"@type":"WebSite","@id":"https:\/\/comparedecor.com.br\/profissionais-empresas\/#website","url":"https:\/\/comparedecor.com.br\/profissionais-empresas\/","name":"Compare Decor - O marketplace oficial da decora\u00e7\u00e3o, arquitetura e constru\u00e7\u00e3o civil","description":"O maior portal de decora\u00e7\u00e3o com empresas, produtos e servi\u00e7os que voc\u00ea precisa para o seu projeto, casa ou apartamento. Solicite or\u00e7amentos online com diversos prestadores de servi\u00e7os e empresas da constru\u00e7\u00e3o civil, arquitetura e decora\u00e7\u00e3o","potentialAction":[{"@type":"SearchAction","target":{"@type":"EntryPoint","urlTemplate":"https:\/\/comparedecor.com.br\/profissionais-empresas\/?s={search_term_string}"},"query-input":"required name=search_term_string"}],"inLanguage":"pt-BR"}]}},"acf":[],"_links":{"self":[{"href":"https:\/\/comparedecor.com.br\/profissionais-empresas\/wp-json\/wp\/v2\/pages\/5410"}],"collection":[{"href":"https:\/\/comparedecor.com.br\/profissionais-empresas\/wp-json\/wp\/v2\/pages"}],"about":[{"href":"https:\/\/comparedecor.com.br\/profissionais-empresas\/wp-json\/wp\/v2\/types\/page"}],"author":[{"embeddable":true,"href":"https:\/\/comparedecor.com.br\/profissionais-empresas\/wp-json\/wp\/v2\/users\/1"}],"replies":[{"embeddable":true,"href":"https:\/\/comparedecor.com.br\/profissionais-empresas\/wp-json\/wp\/v2\/comments?post=5410"}],"version-history":[{"count":0,"href":"https:\/\/comparedecor.com.br\/profissionais-empresas\/wp-json\/wp\/v2\/pages\/5410\/revisions"}],"wp:attachment":[{"href":"https:\/\/comparedecor.com.br\/profissionais-empresas\/wp-json\/wp\/v2\/media?parent=5410"}],"curies":[{"name":"wp","href":"https:\/\/api.w.org\/{rel}","templated":true}]}}